{"id":120,"date":"2014-06-02T11:28:42","date_gmt":"2014-06-02T11:28:42","guid":{"rendered":"http:\/\/unik.weblusive-themes.com\/?page_id=120"},"modified":"2025-01-03T01:50:29","modified_gmt":"2025-01-03T01:50:29","slug":"home-1","status":"publish","type":"page","link":"https:\/\/www.solimar.com.br\/site\/","title":{"rendered":"In\u00edcio"},"content":{"rendered":"<div class=\"wpb-content-wrapper\"><p>[vc_row][vc_column]<style type=\"text\/css\" data-type=\"the7_shortcodes-inline-css\">.gallery-carousel-shortcode.gallery-carousel-shortcode-id-5f3539f30017b9559b744aef0c28ff87.owl-carousel .owl-nav div {\n  width: 36px;\n  height: 36px;\n  border-radius: 500px;\n}\n.dt-arrow-border-on.gallery-carousel-shortcode.gallery-carousel-shortcode-id-5f3539f30017b9559b744aef0c28ff87.owl-carousel .owl-nav div:not(:hover):before {\n  border-width: 0px;\n}\n.dt-arrow-hover-border-on.gallery-carousel-shortcode.gallery-carousel-shortcode-id-5f3539f30017b9559b744aef0c28ff87.owl-carousel .owl-nav div:hover:after {\n  border-width: 0px;\n}\n.gallery-carousel-shortcode.gallery-carousel-shortcode-id-5f3539f30017b9559b744aef0c28ff87.owl-carousel .owl-nav div.owl-prev {\n  top: 50%;\n  transform: translateY(calc(-50% + 0px));\n  left: -43px;\n}\n@media all and (-ms-high-contrast: none) {\n  .gallery-carousel-shortcode.gallery-carousel-shortcode-id-5f3539f30017b9559b744aef0c28ff87.owl-carousel .owl-nav div.owl-prev {\n    transform: translateY(-50%);\n    margin-top: 0px;\n  }\n}\n.gallery-carousel-shortcode.gallery-carousel-shortcode-id-5f3539f30017b9559b744aef0c28ff87.owl-carousel .owl-nav div.owl-prev i {\n  padding: 0px 0px 0px 0px;\n}\n.gallery-carousel-shortcode.gallery-carousel-shortcode-id-5f3539f30017b9559b744aef0c28ff87.owl-carousel .owl-nav div.owl-next {\n  top: 50%;\n  transform: translateY(calc(-50% + 0px));\n  right: -43px;\n}\n@media all and (-ms-high-contrast: none) {\n  .gallery-carousel-shortcode.gallery-carousel-shortcode-id-5f3539f30017b9559b744aef0c28ff87.owl-carousel .owl-nav div.owl-next {\n    transform: translateY(-50%);\n    margin-top: 0px;\n  }\n}\n.gallery-carousel-shortcode.gallery-carousel-shortcode-id-5f3539f30017b9559b744aef0c28ff87.owl-carousel .owl-nav div.owl-next i {\n  padding: 0px 0px 0px 0px;\n}\n.gallery-carousel-shortcode.gallery-carousel-shortcode-id-5f3539f30017b9559b744aef0c28ff87.owl-carousel .owl-nav i {\n  font-size: 18px;\n}\n.gallery-carousel-shortcode.gallery-carousel-shortcode-id-5f3539f30017b9559b744aef0c28ff87.owl-carousel .owl-nav div:not(:hover) i,\n.gallery-carousel-shortcode.gallery-carousel-shortcode-id-5f3539f30017b9559b744aef0c28ff87.owl-carousel .owl-nav div:not(:hover) i:before {\n  color: #ffffff;\n  background: none;\n}\n.gallery-carousel-shortcode.gallery-carousel-shortcode-id-5f3539f30017b9559b744aef0c28ff87.owl-carousel .owl-nav div:hover i,\n.gallery-carousel-shortcode.gallery-carousel-shortcode-id-5f3539f30017b9559b744aef0c28ff87.owl-carousel .owl-nav div:hover i:before {\n  color: rgba(255,255,255,0.75);\n  background: none;\n}\n.gallery-carousel-shortcode.gallery-carousel-shortcode-id-5f3539f30017b9559b744aef0c28ff87 .owl-dots {\n  top: calc(100% + 20px);\n  left: 50%;\n  transform: translateX(calc(-50% + 0px));\n}\n@media all and (-ms-high-contrast: none) {\n  .gallery-carousel-shortcode.gallery-carousel-shortcode-id-5f3539f30017b9559b744aef0c28ff87 .owl-dots {\n    transform: translateX(-50%);\n    margin-left: 0px;\n  }\n}\n.gallery-carousel-shortcode.gallery-carousel-shortcode-id-5f3539f30017b9559b744aef0c28ff87 .owl-dot {\n  width: 10px;\n  height: 10px;\n  margin: 0 8px;\n}\n@media screen and (max-width: 778px) {\n  .gallery-carousel-shortcode.gallery-carousel-shortcode-id-5f3539f30017b9559b744aef0c28ff87.hide-arrows .owl-nav a {\n    display: none;\n  }\n}\n@media screen and (max-width: 778px) {\n  .gallery-carousel-shortcode.gallery-carousel-shortcode-id-5f3539f30017b9559b744aef0c28ff87.reposition-arrows .owl-nav .owl-prev {\n    top: 50%;\n    transform: translateY(calc(-50% + 0px));\n    left: 10px;\n  }\n  .gallery-carousel-shortcode.gallery-carousel-shortcode-id-5f3539f30017b9559b744aef0c28ff87.reposition-arrows .owl-nav .owl-next {\n    top: 50%;\n    transform: translateY(calc(-50% + 0px));\n    right: 10px;\n  }\n}\n@media screen and (max-width: 778px) and all and (-ms-high-contrast: none) {\n  .gallery-carousel-shortcode.gallery-carousel-shortcode-id-5f3539f30017b9559b744aef0c28ff87.reposition-arrows .owl-nav .owl-prev {\n    transform: translateY(-50%);\n    margin-top: 0px;\n  }\n}\n@media screen and (max-width: 778px) and all and (-ms-high-contrast: none) {\n  .gallery-carousel-shortcode.gallery-carousel-shortcode-id-5f3539f30017b9559b744aef0c28ff87.reposition-arrows .owl-nav .owl-next {\n    transform: translateY(-50%);\n    margin-top: 0px;\n  }\n}\n.gallery-carousel-shortcode.gallery-carousel-shortcode-id-5f3539f30017b9559b744aef0c28ff87 figure,\n.gallery-carousel-shortcode.gallery-carousel-shortcode-id-5f3539f30017b9559b744aef0c28ff87 .rollover,\n.gallery-carousel-shortcode.gallery-carousel-shortcode-id-5f3539f30017b9559b744aef0c28ff87 img,\n.gallery-carousel-shortcode.gallery-carousel-shortcode-id-5f3539f30017b9559b744aef0c28ff87 .gallery-rollover {\n  border-radius: 3px;\n}\n.gallery-carousel-shortcode.gallery-carousel-shortcode-id-5f3539f30017b9559b744aef0c28ff87.enable-bg-rollover .gallery-rollover {\n  background: -webkit-linear-gradient();\n  background: linear-gradient();\n}\n.gallery-carousel-shortcode.gallery-carousel-shortcode-id-5f3539f30017b9559b744aef0c28ff87.enable-img-shadow .owl-stage-outer {\n  padding: 9px 0;\n}\n.gallery-carousel-shortcode.gallery-carousel-shortcode-id-5f3539f30017b9559b744aef0c28ff87.enable-bg-rollover.hover-scale figure .rollover:after {\n  background: -webkit-linear-gradient();\n  background: linear-gradient();\n}\n.gallery-carousel-shortcode.gallery-carousel-shortcode-id-5f3539f30017b9559b744aef0c28ff87.gallery-shortcode .gallery-zoom-ico {\n  width: 44px;\n  height: 44px;\n  line-height: 44px;\n  border-radius: 100px;\n  margin: -22px 0 0 -22px;\n  border-width: 0px;\n}\n.dt-icon-bg-on.gallery-carousel-shortcode.gallery-carousel-shortcode-id-5f3539f30017b9559b744aef0c28ff87.gallery-shortcode .gallery-zoom-ico {\n  background: rgba(255,255,255,0.3);\n  box-shadow: none;\n}\n.gallery-carousel-shortcode.gallery-carousel-shortcode-id-5f3539f30017b9559b744aef0c28ff87.gallery-shortcode .gallery-zoom-ico:before,\n.gallery-carousel-shortcode.gallery-carousel-shortcode-id-5f3539f30017b9559b744aef0c28ff87.gallery-shortcode .gallery-zoom-ico span {\n  font-size: 32px;\n  line-height: 44px;\n  color: #ffffff;\n  background: none;\n}\n<\/style><div class=\"owl-carousel gallery-carousel-shortcode gallery-shortcode  dt-gallery-container dt-owl-carousel-call gallery-carousel-shortcode-id-5f3539f30017b9559b744aef0c28ff87 quick-scale-img enable-bg-rollover meta-info-off dt-arrow-border-on dt-arrow-hover-border-on bullets-small-dot-stroke reposition-arrows dt-icon-bg-off arrows-bg-on disable-arrows-hover-bg arrows-hover-bg-on  hover-fade \" data-scroll-mode=\"1\" data-col-num=\"4\" data-wide-col-num=\"6\" data-laptop-col=\"4\" data-h-tablet-columns-num=\"4\" data-v-tablet-columns-num=\"3\" data-phone-columns-num=\"1\" data-col-gap=\"5\" data-stage-padding=\"0\" data-speed=\"600\" data-autoplay=\"true\" data-autoplay_speed=\"6000\" data-arrows=\"true\" data-bullet=\"false\" data-next-icon=\"icon-ar-017-r\" data-prev-icon=\"icon-ar-017-l\" data-img-shadow-size=\"12px\" data-img-shadow-spread=\"3px\"><div data-post-id=\"787\" data-date=\"2019-01-31T21:45:58+00:00\" data-name=\"slide-2\"><figure class=\"post\"><a href=\"https:\/\/www.solimar.com.br\/site\/wp-content\/uploads\/2019\/01\/slide-2.jpg\" class=\"rollover dt-pswp-item layzr-bg\" data-large_image_width=\"1418\" data-large_image_height=\"592\" data-dt-img-description=\"\" title=\"slide-2\"><img fetchpriority=\"high\" decoding=\"async\" class=\"preload-me owl-lazy-load aspect\" src=\"data:image\/svg+xml,%3Csvg%20xmlns%3D&#39;http%3A%2F%2Fwww.w3.org%2F2000%2Fsvg&#39;%20viewBox%3D&#39;0%200%201184%20592&#39;%2F%3E\" data-src=\"https:\/\/www.solimar.com.br\/site\/wp-content\/uploads\/2019\/01\/slide-2-1184x592.jpg\" data-srcset=\"https:\/\/www.solimar.com.br\/site\/wp-content\/uploads\/2019\/01\/slide-2-1184x592.jpg 1184w\" loading=\"eager\" style=\"--ratio: 1184 \/ 592\" sizes=\"(max-width: 1184px) 100vw, 1184px\" alt=\"\" width=\"1184\" height=\"592\"  \/><span class=\"gallery-rollover\"><span class=\"gallery-zoom-ico icomoon-the7-font-the7-zoom-06\"><span><\/span><\/span><\/span><\/a><\/figure><\/div><div data-post-id=\"871\" data-date=\"2020-09-23T19:40:06+00:00\" data-name=\"misto-de-lagosta\"><figure class=\"post\"><a href=\"https:\/\/www.solimar.com.br\/site\/wp-content\/uploads\/2020\/09\/misto-de-lagosta.png\" class=\"rollover dt-pswp-item layzr-bg\" data-large_image_width=\"609\" data-large_image_height=\"315\" data-dt-img-description=\"\" title=\"misto-de-lagosta\"><img decoding=\"async\" class=\"preload-me owl-lazy-load aspect\" src=\"data:image\/svg+xml,%3Csvg%20xmlns%3D&#39;http%3A%2F%2Fwww.w3.org%2F2000%2Fsvg&#39;%20viewBox%3D&#39;0%200%20608%20304&#39;%2F%3E\" data-src=\"https:\/\/www.solimar.com.br\/site\/wp-content\/uploads\/2020\/09\/misto-de-lagosta-608x304.png\" data-srcset=\"https:\/\/www.solimar.com.br\/site\/wp-content\/uploads\/2020\/09\/misto-de-lagosta-608x304.png 608w, https:\/\/www.solimar.com.br\/site\/wp-content\/uploads\/2020\/09\/misto-de-lagosta-609x304.png 609w\" loading=\"eager\" style=\"--ratio: 608 \/ 304\" sizes=\"(max-width: 608px) 100vw, 608px\" alt=\"\" width=\"608\" height=\"304\"  \/><span class=\"gallery-rollover\"><span class=\"gallery-zoom-ico icomoon-the7-font-the7-zoom-06\"><span><\/span><\/span><\/span><\/a><\/figure><\/div><div data-post-id=\"870\" data-date=\"2020-09-23T19:39:49+00:00\" data-name=\"mistao\"><figure class=\"post\"><a href=\"https:\/\/www.solimar.com.br\/site\/wp-content\/uploads\/2020\/09\/mistao.png\" class=\"rollover dt-pswp-item layzr-bg\" data-large_image_width=\"609\" data-large_image_height=\"315\" data-dt-img-description=\"\" title=\"mistao\"><img decoding=\"async\" class=\"preload-me owl-lazy-load aspect\" src=\"data:image\/svg+xml,%3Csvg%20xmlns%3D&#39;http%3A%2F%2Fwww.w3.org%2F2000%2Fsvg&#39;%20viewBox%3D&#39;0%200%20608%20304&#39;%2F%3E\" data-src=\"https:\/\/www.solimar.com.br\/site\/wp-content\/uploads\/2020\/09\/mistao-608x304.png\" data-srcset=\"https:\/\/www.solimar.com.br\/site\/wp-content\/uploads\/2020\/09\/mistao-608x304.png 608w, https:\/\/www.solimar.com.br\/site\/wp-content\/uploads\/2020\/09\/mistao-609x304.png 609w\" loading=\"eager\" style=\"--ratio: 608 \/ 304\" sizes=\"(max-width: 608px) 100vw, 608px\" alt=\"\" width=\"608\" height=\"304\"  \/><span class=\"gallery-rollover\"><span class=\"gallery-zoom-ico icomoon-the7-font-the7-zoom-06\"><span><\/span><\/span><\/span><\/a><\/figure><\/div><div data-post-id=\"869\" data-date=\"2020-09-23T19:39:37+00:00\" data-name=\"misto-de-peixe\"><figure class=\"post\"><a href=\"https:\/\/www.solimar.com.br\/site\/wp-content\/uploads\/2020\/09\/misto-de-peixe.png\" class=\"rollover dt-pswp-item layzr-bg\" data-large_image_width=\"609\" data-large_image_height=\"315\" data-dt-img-description=\"\" title=\"misto-de-peixe\"><img decoding=\"async\" class=\"preload-me owl-lazy-load aspect\" src=\"data:image\/svg+xml,%3Csvg%20xmlns%3D&#39;http%3A%2F%2Fwww.w3.org%2F2000%2Fsvg&#39;%20viewBox%3D&#39;0%200%20608%20304&#39;%2F%3E\" data-src=\"https:\/\/www.solimar.com.br\/site\/wp-content\/uploads\/2020\/09\/misto-de-peixe-608x304.png\" data-srcset=\"https:\/\/www.solimar.com.br\/site\/wp-content\/uploads\/2020\/09\/misto-de-peixe-608x304.png 608w, https:\/\/www.solimar.com.br\/site\/wp-content\/uploads\/2020\/09\/misto-de-peixe-609x304.png 609w\" loading=\"eager\" style=\"--ratio: 608 \/ 304\" sizes=\"(max-width: 608px) 100vw, 608px\" alt=\"\" width=\"608\" height=\"304\"  \/><span class=\"gallery-rollover\"><span class=\"gallery-zoom-ico icomoon-the7-font-the7-zoom-06\"><span><\/span><\/span><\/span><\/a><\/figure><\/div><div data-post-id=\"868\" data-date=\"2020-09-23T19:39:24+00:00\" data-name=\"lagosta-grelhada\"><figure class=\"post\"><a href=\"https:\/\/www.solimar.com.br\/site\/wp-content\/uploads\/2020\/09\/lagosta-grelhada.png\" class=\"rollover dt-pswp-item layzr-bg\" data-large_image_width=\"609\" data-large_image_height=\"315\" data-dt-img-description=\"\" title=\"lagosta-grelhada\"><img decoding=\"async\" class=\"preload-me owl-lazy-load aspect\" src=\"data:image\/svg+xml,%3Csvg%20xmlns%3D&#39;http%3A%2F%2Fwww.w3.org%2F2000%2Fsvg&#39;%20viewBox%3D&#39;0%200%20608%20304&#39;%2F%3E\" data-src=\"https:\/\/www.solimar.com.br\/site\/wp-content\/uploads\/2020\/09\/lagosta-grelhada-608x304.png\" data-srcset=\"https:\/\/www.solimar.com.br\/site\/wp-content\/uploads\/2020\/09\/lagosta-grelhada-608x304.png 608w, https:\/\/www.solimar.com.br\/site\/wp-content\/uploads\/2020\/09\/lagosta-grelhada-609x304.png 609w\" loading=\"eager\" style=\"--ratio: 608 \/ 304\" sizes=\"(max-width: 608px) 100vw, 608px\" alt=\"\" width=\"608\" height=\"304\"  \/><span class=\"gallery-rollover\"><span class=\"gallery-zoom-ico icomoon-the7-font-the7-zoom-06\"><span><\/span><\/span><\/span><\/a><\/figure><\/div><div data-post-id=\"865\" data-date=\"2020-09-23T19:38:01+00:00\" data-name=\"especialidade\"><figure class=\"post\"><a href=\"https:\/\/www.solimar.com.br\/site\/wp-content\/uploads\/2020\/09\/especialidade.png\" class=\"rollover dt-pswp-item layzr-bg\" data-large_image_width=\"1438\" data-large_image_height=\"546\" data-dt-img-description=\"\" title=\"especialidade\"><img decoding=\"async\" class=\"preload-me owl-lazy-load aspect\" src=\"data:image\/svg+xml,%3Csvg%20xmlns%3D&#39;http%3A%2F%2Fwww.w3.org%2F2000%2Fsvg&#39;%20viewBox%3D&#39;0%200%201092%20546&#39;%2F%3E\" data-src=\"https:\/\/www.solimar.com.br\/site\/wp-content\/uploads\/2020\/09\/especialidade-1092x546.png\" data-srcset=\"https:\/\/www.solimar.com.br\/site\/wp-content\/uploads\/2020\/09\/especialidade-1092x546.png 1092w\" loading=\"eager\" style=\"--ratio: 1092 \/ 546\" sizes=\"(max-width: 1092px) 100vw, 1092px\" alt=\"\" width=\"1092\" height=\"546\"  \/><span class=\"gallery-rollover\"><span class=\"gallery-zoom-ico icomoon-the7-font-the7-zoom-06\"><span><\/span><\/span><\/span><\/a><\/figure><\/div><\/div>[vc_separator css=&#8221;&#8221;][vc_column_text css=&#8221;&#8221;]<\/p>\n<p style=\"text-align: center;\"><strong>Informa\u00e7\u00e3o e Agradecimento<\/strong><\/p>\n<p style=\"text-align: center;\"><strong>Queridos clientes, amigos e colaboradores: ciclos se fecham e outros se abrem por isso, informamos que, no domingo 02 de fevereiro de 2025, encerramos um aben\u00e7oado ciclo de 27 anos de Solimar Restaurante, sob a administra\u00e7\u00e3o de Tony e Susana.<\/strong><br \/>\n<strong>Reabre nova administra\u00e7\u00e3o no dia 08 de fevereiro, a qual, inicialmente, continuar\u00e1 no segmento dos grelhados entre outros.<\/strong><br \/>\n<strong>Sugerimos que continuem prestigiando o Solimar com a presen\u00e7a de voc\u00eas.<\/strong><br \/>\n<strong>Um 2025 repleto de sa\u00fade, amor e prosperidade.<\/strong><br \/>\n<strong>Eternamente gratos<\/strong><br \/>\n<strong>Tony\u00a0e\u00a0Susana<\/strong><\/p>\n<p>[\/vc_column_text][\/vc_column][\/vc_row][vc_row][vc_column][vc_video link=&#8221;https:\/\/youtube.com\/shorts\/7RYluuw3HQI?feature=share&#8221; el_aspect=&#8221;916&#8243; align=&#8221;center&#8221; css=&#8221;&#8221;][\/vc_column][\/vc_row]<\/p>\n<\/div>","protected":false},"excerpt":{"rendered":"<p>[vc_row][vc_column][vc_separator css=&#8221;&#8221;][vc_column_text css=&#8221;&#8221;] Informa\u00e7\u00e3o e Agradecimento Queridos clientes, amigos e colaboradores: ciclos se fecham e outros se abrem por isso, informamos que, no domingo 02 de fevereiro de 2025, encerramos um aben\u00e7oado ciclo de 27 anos de Solimar Restaurante, sob a administra\u00e7\u00e3o de Tony e Susana. Reabre nova administra\u00e7\u00e3o no dia 08 de fevereiro, a&hellip;<\/p>\n","protected":false},"author":1,"featured_media":0,"parent":0,"menu_order":0,"comment_status":"closed","ping_status":"closed","template":"template-microsite.php","meta":{"footnotes":""},"class_list":["post-120","page","type-page","status-publish","hentry","description-off"],"_links":{"self":[{"href":"https:\/\/www.solimar.com.br\/site\/index.php?rest_route=\/wp\/v2\/pages\/120","targetHints":{"allow":["GET"]}}],"collection":[{"href":"https:\/\/www.solimar.com.br\/site\/index.php?rest_route=\/wp\/v2\/pages"}],"about":[{"href":"https:\/\/www.solimar.com.br\/site\/index.php?rest_route=\/wp\/v2\/types\/page"}],"author":[{"embeddable":true,"href":"https:\/\/www.solimar.com.br\/site\/index.php?rest_route=\/wp\/v2\/users\/1"}],"replies":[{"embeddable":true,"href":"https:\/\/www.solimar.com.br\/site\/index.php?rest_route=%2Fwp%2Fv2%2Fcomments&post=120"}],"version-history":[{"count":58,"href":"https:\/\/www.solimar.com.br\/site\/index.php?rest_route=\/wp\/v2\/pages\/120\/revisions"}],"predecessor-version":[{"id":1033,"href":"https:\/\/www.solimar.com.br\/site\/index.php?rest_route=\/wp\/v2\/pages\/120\/revisions\/1033"}],"wp:attachment":[{"href":"https:\/\/www.solimar.com.br\/site\/index.php?rest_route=%2Fwp%2Fv2%2Fmedia&parent=120"}],"curies":[{"name":"wp","href":"https:\/\/api.w.org\/{rel}","templated":true}]}}