{"id":11,"date":"2014-06-02T09:11:02","date_gmt":"2014-06-02T09:11:02","guid":{"rendered":"http:\/\/unik.weblusive-themes.com\/?page_id=11"},"modified":"2025-01-03T01:26:31","modified_gmt":"2025-01-03T01:26:31","slug":"about-us","status":"publish","type":"page","link":"https:\/\/www.solimar.com.br\/site\/?page_id=11","title":{"rendered":"O Restaurante"},"content":{"rendered":"<h2><strong>S\u00e3o 23 anos \u201cdividindo o sol, o mar e a boa cozinha com voc\u00ea\u201d.<\/strong><\/h2>\n<h2><a href=\"https:\/\/www.solimar.com.br\/site\/wp-content\/uploads\/2016\/06\/SOLIMAR-1.jpg\"><img loading=\"lazy\" decoding=\"async\" class=\" wp-image-631 alignleft\" src=\"https:\/\/www.solimar.com.br\/site\/wp-content\/uploads\/2016\/06\/SOLIMAR-1-300x225.jpg\" alt=\"\" width=\"393\" height=\"295\" data-wp-pid=\"631\" srcset=\"https:\/\/www.solimar.com.br\/site\/wp-content\/uploads\/2016\/06\/SOLIMAR-1-300x225.jpg 300w, https:\/\/www.solimar.com.br\/site\/wp-content\/uploads\/2016\/06\/SOLIMAR-1-768x576.jpg 768w, https:\/\/www.solimar.com.br\/site\/wp-content\/uploads\/2016\/06\/SOLIMAR-1.jpg 800w\" sizes=\"auto, (max-width: 393px) 100vw, 393px\" \/><\/a><\/h2>\n<p>Localizado\u00a0na Praia Barra do Cunha\u00fa, a 80 Km de Natal e 120 km de Jo\u00e3o Pessoa. Oferecemos 3 ambientes: dois de frente para o mar (p\u00e9 na areia), um com vista para o oceano por\u00e9m, mais retirado e um ambiente interno. Possuimos redes para descando, rampas de acesso para pessoas com dificuldade de locomo\u00e7\u00e3o, frald\u00e1rio, espa\u00e7o infantil e amplo estacionamento.<\/p>\n<p>Nossa especialidade: grelhados na brasa de frutos do mar embora oferecemos outros pratos. Aceitamos todos os cart\u00f5es de cr\u00e9dito.<\/p>\n<p>Aberto todos os dias das 10:00 \u00e0s 17:00h.<\/p>\n","protected":false},"excerpt":{"rendered":"<p>S\u00e3o 23 anos \u201cdividindo o sol, o mar e a boa cozinha com voc\u00ea\u201d. Localizado\u00a0na Praia Barra do Cunha\u00fa, a 80 Km de Natal e 120 km de Jo\u00e3o Pessoa. Oferecemos 3 ambientes: dois de frente para o mar (p\u00e9 na areia), um com vista para o oceano por\u00e9m, mais retirado e um ambiente interno.&hellip;<\/p>\n","protected":false},"author":1,"featured_media":0,"parent":0,"menu_order":0,"comment_status":"closed","ping_status":"closed","template":"","meta":{"footnotes":""},"class_list":["post-11","page","type-page","status-publish","hentry","description-off"],"_links":{"self":[{"href":"https:\/\/www.solimar.com.br\/site\/index.php?rest_route=\/wp\/v2\/pages\/11","targetHints":{"allow":["GET"]}}],"collection":[{"href":"https:\/\/www.solimar.com.br\/site\/index.php?rest_route=\/wp\/v2\/pages"}],"about":[{"href":"https:\/\/www.solimar.com.br\/site\/index.php?rest_route=\/wp\/v2\/types\/page"}],"author":[{"embeddable":true,"href":"https:\/\/www.solimar.com.br\/site\/index.php?rest_route=\/wp\/v2\/users\/1"}],"replies":[{"embeddable":true,"href":"https:\/\/www.solimar.com.br\/site\/index.php?rest_route=%2Fwp%2Fv2%2Fcomments&post=11"}],"version-history":[{"count":15,"href":"https:\/\/www.solimar.com.br\/site\/index.php?rest_route=\/wp\/v2\/pages\/11\/revisions"}],"predecessor-version":[{"id":1026,"href":"https:\/\/www.solimar.com.br\/site\/index.php?rest_route=\/wp\/v2\/pages\/11\/revisions\/1026"}],"wp:attachment":[{"href":"https:\/\/www.solimar.com.br\/site\/index.php?rest_route=%2Fwp%2Fv2%2Fmedia&parent=11"}],"curies":[{"name":"wp","href":"https:\/\/api.w.org\/{rel}","templated":true}]}}